{"id":1307,"date":"2022-10-19T05:01:58","date_gmt":"2022-10-19T05:01:58","guid":{"rendered":"https:\/\/wpocean.com\/wp\/lovelove\/?page_id=1307"},"modified":"2024-11-22T18:56:49","modified_gmt":"2024-11-22T17:56:49","slug":"our-story-style-3","status":"publish","type":"page","link":"https:\/\/www.eventewa.com\/index.php\/our-story-style-3\/","title":{"rendered":"Soir\u00e9e du Mariage &#038; Brunch"},"content":{"rendered":"\t\t<div data-elementor-type=\"wp-page\" data-elementor-id=\"1307\" class=\"elementor elementor-1307\">\n\t\t\t\t\t\t<section class=\"elementor-section elementor-top-section elementor-element elementor-element-65ae07f elementor-section-full_width elementor-section-height-default elementor-section-height-default\" data-id=\"65ae07f\" data-element_type=\"section\">\n\t\t\t\t\t\t<div class=\"elementor-container elementor-column-gap-no\">\n\t\t\t\t\t<div class=\"elementor-column elementor-col-100 elementor-top-column elementor-element elementor-element-e4e6814\" data-id=\"e4e6814\" data-element_type=\"column\">\n\t\t\t<div class=\"elementor-widget-wrap elementor-element-populated\">\n\t\t\t\t\t\t<div class=\"elementor-element elementor-element-892af9d elementor-widget elementor-widget-wpo-lovelove_story\" data-id=\"892af9d\" data-element_type=\"widget\" data-widget_type=\"wpo-lovelove_story.default\">\n\t\t\t\t<div class=\"elementor-widget-container\">\n\t\t\t\t\t    <div class=\"story-section wpo-story-section-s3\">\n    \t<div class=\"container-fluid\">\n        <div class=\"wpo-story-wrap\">\n\t\t\t\t\t\t\t\n\t\t\t\t\t\t\t \t\t\t\t\t\t\t\t\t\t<div class=\"wpo-story-item\">\n\t\t                <div class=\"wpo-story-img-wrap\">\n\t\t                    <div class=\"wpo-story-img\">\n\t\t                       <img decoding=\"async\" src=\"https:\/\/www.eventewa.com\/wp-content\/uploads\/2023\/02\/Plaquette-Organisation-complete33.jpg\" alt=\"\">\t\t                    <\/div>\n\t                    \t\t                <\/div>\n\t\t                <div class=\"wpo-story-content\">\n\t\t                    <div class=\"wpo-story-content-inner\">\n\t\t                    \t<h2>Soir\u00e9e du Mariage<\/h2><p>Du passage \u00e0 table \u00e0 partir de 21 h.\nGestion des interventions\/surprises\/animation pour s&#039;assurer du bon d\u00e9roulement entre dj\/ma\u00eetre d\u2019h\u00f4tel\/invit\u00e9s.\nAssurer le bon d\u00e9roulement des horaires fix\u00e9es avec les mari\u00e9s.\nGestion des prestataires, des invit\u00e9s et des moments clefs.\nUn repas prestataire \u00e0 pr\u00e9voir.\nD\u00e9part ouverture du bal\/dessert \u00e0 environ 00h00.<\/p>\t\t                    <\/div>\n\t\t                <\/div>\n\t\t            \t<\/div>\n\t\t\t\t\t\t\t \t\t\t\t\t\t\t\t \t\n\t\t        \n\t\t\t\t\t\t\t \t\t\t\t\t\t\t\t\t\t<div class=\"wpo-story-item\">\n\t\t                <div class=\"wpo-story-img-wrap\">\n\t\t                    <div class=\"wpo-story-img\">\n\t\t                       <img decoding=\"async\" src=\"https:\/\/www.eventewa.com\/wp-content\/uploads\/2023\/02\/Plaquette-Organisation-complete5.jpg\" alt=\"\">\t\t                    <\/div>\n\t                    \t\t                <\/div>\n\t\t                <div class=\"wpo-story-content\">\n\t\t                    <div class=\"wpo-story-content-inner\">\n\t\t                    \t<h2>Brunch du lendemain<\/h2><p>Organisation avec prestataires.\nArriv\u00e9e 1\u00a0h avant d\u00e9but prestation.\nInstallation mat\u00e9riel.\nCoordination prestataires.\nGuide invit\u00e9s.\nD\u00e9part au passage \u00e0 table.\nRetour pour rangement.<\/p>\t\t                    <\/div>\n\t\t                <\/div>\n\t\t            \t<\/div>\n\t\t\t\t\t\t\t \t\t\t\t\t\t\t\t \t\n\t\t        \t\t    <\/div>\n    \t<\/div> <!-- end container -->\n\t\t<\/div>\n\t\t\t\t\t\t<\/div>\n\t\t\t\t<\/div>\n\t\t\t\t\t<\/div>\n\t\t<\/div>\n\t\t\t\t\t<\/div>\n\t\t<\/section>\n\t\t\t\t<\/div>\n\t\t","protected":false},"excerpt":{"rendered":"Soir\u00e9e du Mariage Du passage \u00e0 table \u00e0 partir de 21 h. Gestion des interventions\/surprises\/animation pour s&#039;assurer du bon d\u00e9roulement entre dj\/ma\u00eetre d\u2019h\u00f4tel\/invit\u00e9s. Assurer le bon d\u00e9roulement des horaires fix\u00e9es avec les mari\u00e9s. Gestion des prestataires, des invit\u00e9s et des moments clefs. Un repas prestataire \u00e0 pr\u00e9voir. D\u00e9part ouverture du bal\/dessert \u00e0 environ 00h00. Brunch ","protected":false},"author":1,"featured_media":0,"parent":0,"menu_order":0,"comment_status":"closed","ping_status":"closed","template":"elementor_header_footer","meta":{"_monsterinsights_skip_tracking":false,"_monsterinsights_sitenote_active":false,"_monsterinsights_sitenote_note":"","_monsterinsights_sitenote_category":0,"footnotes":""},"class_list":["post-1307","page","type-page","status-publish","hentry"],"aioseo_notices":[],"jetpack_sharing_enabled":true,"_links":{"self":[{"href":"https:\/\/www.eventewa.com\/index.php\/wp-json\/wp\/v2\/pages\/1307","targetHints":{"allow":["GET"]}}],"collection":[{"href":"https:\/\/www.eventewa.com\/index.php\/wp-json\/wp\/v2\/pages"}],"about":[{"href":"https:\/\/www.eventewa.com\/index.php\/wp-json\/wp\/v2\/types\/page"}],"author":[{"embeddable":true,"href":"https:\/\/www.eventewa.com\/index.php\/wp-json\/wp\/v2\/users\/1"}],"replies":[{"embeddable":true,"href":"https:\/\/www.eventewa.com\/index.php\/wp-json\/wp\/v2\/comments?post=1307"}],"version-history":[{"count":20,"href":"https:\/\/www.eventewa.com\/index.php\/wp-json\/wp\/v2\/pages\/1307\/revisions"}],"predecessor-version":[{"id":3171,"href":"https:\/\/www.eventewa.com\/index.php\/wp-json\/wp\/v2\/pages\/1307\/revisions\/3171"}],"wp:attachment":[{"href":"https:\/\/www.eventewa.com\/index.php\/wp-json\/wp\/v2\/media?parent=1307"}],"curies":[{"name":"wp","href":"https:\/\/api.w.org\/{rel}","templated":true}]}}