{"id":2556,"date":"2022-09-21T10:14:36","date_gmt":"2022-09-21T08:14:36","guid":{"rendered":"https:\/\/wpocean.com\/wp\/lovelove\/?page_id=44"},"modified":"2025-09-14T23:56:05","modified_gmt":"2025-09-14T21:56:05","slug":"pricing","status":"publish","type":"page","link":"https:\/\/www.eventewa.com\/index.php\/pricing\/","title":{"rendered":"Coordination Jour J"},"content":{"rendered":"\t\t<div data-elementor-type=\"wp-page\" data-elementor-id=\"2556\" class=\"elementor elementor-2556\">\n\t\t\t\t\t\t<section class=\"elementor-section elementor-top-section elementor-element elementor-element-74e5d9f elementor-section-full_width elementor-section-height-default elementor-section-height-default\" data-id=\"74e5d9f\" data-element_type=\"section\">\n\t\t\t\t\t\t<div class=\"elementor-container elementor-column-gap-no\">\n\t\t\t\t\t<div class=\"elementor-column elementor-col-100 elementor-top-column elementor-element elementor-element-48fbc8b\" data-id=\"48fbc8b\" data-element_type=\"column\">\n\t\t\t<div class=\"elementor-widget-wrap elementor-element-populated\">\n\t\t\t\t\t\t<div class=\"elementor-element elementor-element-3aa1065 elementor-widget elementor-widget-wpo-lovelove_pricing\" data-id=\"3aa1065\" data-element_type=\"widget\" data-widget_type=\"wpo-lovelove_pricing.default\">\n\t\t\t\t<div class=\"elementor-widget-container\">\n\t\t\t\t\t\t\t<div class=\"wpo-pricing-section section-padding pt-0\">\n    \t<div class=\"container\">\n        <div class=\"wpo-pricing-wrap\">\n            <div class=\"row\">\n             \t\t\t\t\t\t\t<div class=\"col col-lg-4 col-md-6 col-12\">\n                <div class=\"wpo-pricing-item\">\n                    <div class=\"wpo-pricing-top\">\n                        <div class=\"wpo-pricing-text\">\n                        \t                        <\/div>\n                    <\/div>\n                    <div class=\"shape\">\n                    \t<img decoding=\"async\" src=\"https:\/\/www.eventewa.com\/wp-content\/uploads\/2023\/02\/p-shape.png\" alt=\"\">\t\n                    <\/div>\n                    <div class=\"wpo-pricing-bottom\">\n                        <div class=\"wpo-pricing-bottom-text\">\n                            <ul><li><p class=\"font_8 wixui-rich-text__text\">Rendez-vous d\u00e9couverte (gratuit et sans engagement)<\/p><p class=\"font_8 wixui-rich-text__text\">\u2022Echanges illimit\u00e9s et 3 rdv physique<\/p><p class=\"font_8 wixui-rich-text__text\">\u2022Cr\u00e9ation planning Jour J\u00a0<\/p><p class=\"font_8 wixui-rich-text__text\">\u2022Organisation de la visite technique et prise de contact avec les diff\u00e9rents prestataires<\/p><p class=\"font_8 wixui-rich-text__text\">\u2022 Pr\u00e9sence la veille 3h pour la coordination des prestataires\u00a0<\/p><p class=\"font_8 wixui-rich-text__text\">\u2022Jusqu\u2019\u00e0 12 heures de pr\u00e9sence le jour du mariage 12H00 \/ 00H00<\/p><p class=\"font_8 wixui-rich-text__text\">( jusqu'\u00e0 la pi\u00e8ce mont\u00e9e )\u00a0<\/p><p class=\"font_8 wixui-rich-text__text\">\u2022Coordination de tous les prestataires le jour J<\/p><p class=\"font_8 wixui-rich-text__text\">\u2022Dossier technique et planning Jour J pour les prestataires<\/p><p class=\"font_8 wixui-rich-text__text\">\u2022Gestion des surprises avec vos proches<\/p><p class=\"font_8 wixui-rich-text__text\"><span class=\"wixGuard wixui-rich-text__text\">\u200b<\/span><\/p><p class=\"font_8 wixui-rich-text__text\">\u2022 Pr\u00e9sence pour le brunch du lendemain en option ainsi que personnel suppl\u00e9mentaire<\/p><\/li><\/ul>                        <\/div>\n                    <\/div>\n                <\/div>\n            \t<\/div>\n              \t\t        <\/div>\n\t\t      <\/div>\n\t\t  <\/div>\n\t\t<\/div>\n\t\t\t\t\t\t<\/div>\n\t\t\t\t<\/div>\n\t\t\t\t\t<\/div>\n\t\t<\/div>\n\t\t\t\t\t<\/div>\n\t\t<\/section>\n\t\t\t\t<\/div>\n\t\t","protected":false},"excerpt":{"rendered":"Rendez-vous d\u00e9couverte (gratuit et sans engagement) \u2022Echanges illimit\u00e9s et 3 rdv physique \u2022Cr\u00e9ation planning Jour J\u00a0 \u2022Organisation de la visite technique et prise de contact avec les diff\u00e9rents prestataires \u2022 Pr\u00e9sence la veille 3h pour la coordination des prestataires\u00a0 \u2022Jusqu\u2019\u00e0 12 heures de pr\u00e9sence le jour du mariage 12H00 \/ 00H00 ( jusqu&rsquo;\u00e0 la pi\u00e8ce ","protected":false},"author":1,"featured_media":0,"parent":0,"menu_order":0,"comment_status":"closed","ping_status":"closed","template":"elementor_header_footer","meta":{"_monsterinsights_skip_tracking":false,"_monsterinsights_sitenote_active":false,"_monsterinsights_sitenote_note":"","_monsterinsights_sitenote_category":0,"footnotes":""},"class_list":["post-2556","page","type-page","status-publish","hentry"],"aioseo_notices":[],"jetpack_sharing_enabled":true,"_links":{"self":[{"href":"https:\/\/www.eventewa.com\/index.php\/wp-json\/wp\/v2\/pages\/2556","targetHints":{"allow":["GET"]}}],"collection":[{"href":"https:\/\/www.eventewa.com\/index.php\/wp-json\/wp\/v2\/pages"}],"about":[{"href":"https:\/\/www.eventewa.com\/index.php\/wp-json\/wp\/v2\/types\/page"}],"author":[{"embeddable":true,"href":"https:\/\/www.eventewa.com\/index.php\/wp-json\/wp\/v2\/users\/1"}],"replies":[{"embeddable":true,"href":"https:\/\/www.eventewa.com\/index.php\/wp-json\/wp\/v2\/comments?post=2556"}],"version-history":[{"count":44,"href":"https:\/\/www.eventewa.com\/index.php\/wp-json\/wp\/v2\/pages\/2556\/revisions"}],"predecessor-version":[{"id":3372,"href":"https:\/\/www.eventewa.com\/index.php\/wp-json\/wp\/v2\/pages\/2556\/revisions\/3372"}],"wp:attachment":[{"href":"https:\/\/www.eventewa.com\/index.php\/wp-json\/wp\/v2\/media?parent=2556"}],"curies":[{"name":"wp","href":"https:\/\/api.w.org\/{rel}","templated":true}]}}